{"id":19613,"date":"2024-08-12T14:04:29","date_gmt":"2024-08-12T19:04:29","guid":{"rendered":"https:\/\/onixliving.mx\/?page_id=19613"},"modified":"2024-10-16T14:27:22","modified_gmt":"2024-10-16T19:27:22","slug":"legal","status":"publish","type":"page","link":"https:\/\/onixliving.mx\/index.php\/legal\/","title":{"rendered":"Legal"},"content":{"rendered":"\t\t<div data-elementor-type=\"wp-page\" data-elementor-id=\"19613\" class=\"elementor elementor-19613\">\n\t\t\t\t\t\t<section class=\"elementor-section elementor-top-section elementor-element elementor-element-2e6e7854 elementor-section-height-full elementor-reverse-mobile elementor-section-boxed elementor-section-height-default elementor-section-items-middle wpr-particle-no wpr-jarallax-no wpr-parallax-no wpr-sticky-section-no\" data-id=\"2e6e7854\" data-element_type=\"section\">\n\t\t\t\t\t\t<div class=\"elementor-container elementor-column-gap-extended\">\n\t\t\t\t\t<div data-custom-animations=\"true\" data-ca-options=\"{&quot;addChildTimelines&quot;:false,&quot;animationTarget&quot;:&quot;:scope &gt; .elementor-widget-wrap &gt; .elementor-element &gt; .elementor-widget-container, :scope &gt; .elementor-widget-wrap &gt; .elementor-section &gt; .elementor-container &gt; .elementor-column &gt; .elementor-widget-wrap &gt; .elementor-element:not(.lqd-el-has-inner-anim) &gt; .elementor-widget-container, :scope &gt; .elementor-widget-wrap &gt; .elementor-widget-hub_fancy_heading .lqd-split-lines .lqd-lines .split-inner, :scope &gt; .elementor-widget-wrap &gt; .elementor-widget-hub_fancy_heading .lqd-split-words .lqd-words .split-inner, :scope &gt; .elementor-widget-wrap &gt; .elementor-widget-hub_fancy_heading .lqd-split-chars .lqd-chars .split-inner, :scope &gt; .elementor-widget-wrap &gt; .elementor-widget-ld_custom_menu .lqd-fancy-menu &gt; ul &gt; li&quot;,&quot;ease&quot;:[&quot;power4.out&quot;],&quot;initValues&quot;:{&quot;y&quot;:&quot;30px&quot;,&quot;rotationZ&quot;:6,&quot;opacity&quot;:0,&quot;transformOrigin&quot;:&quot;50% 2% 0px&quot;},&quot;animations&quot;:{&quot;y&quot;:&quot;0px&quot;,&quot;rotationZ&quot;:0,&quot;opacity&quot;:1,&quot;transformOrigin&quot;:&quot;50% 50% 0px&quot;}}\" class=\"elementor-column elementor-col-50 elementor-top-column elementor-element elementor-element-d5e6929\" data-id=\"d5e6929\" data-element_type=\"column\">\n\t\t\t<div class=\"elementor-widget-wrap elementor-element-populated\">\n\t\t\t\t\t\t<div class=\"elementor-element elementor-element-3b1bbf7a elementor-align-left elementor-widget elementor-widget-ld_icon_box\" data-id=\"3b1bbf7a\" data-element_type=\"widget\" data-widget_type=\"ld_icon_box.default\">\n\t\t\t\t<div class=\"elementor-widget-container\">\n\t\t\t\t\t\n\t\t\t<div id=\"ld_icon_box_3b1bbf7a\" class=\"iconbox d-flex flex-grow-1 pos-rel flex-wrap align-items-center iconbox-inline\"   >\n\n\t\t\t\t\n\t\t\t\t<div class=\"iconbox-icon-wrap  \"><div class=\"iconbox-icon-container d-inline-flex   \"><i aria-hidden=\"true\" class=\"fas fa-circle\"><\/i><\/div><\/div>\n\t\t\t\t<h3 class=\"lqd-iconbox-heading\" >Departamento <\/h3>\n\t\t\t\t\n\t\t\t\t\n\t\t\t\t\t\t\t\t<p class=\"lqd-iconbox-content\"><\/p>\n\t\t\t\t\n\t\t\t\t\n\t\t\t\t\n\t\t\t<\/div>\n\n\t\t\t\t\t\t<\/div>\n\t\t\t\t<\/div>\n\t\t\t\t<div class=\"elementor-element elementor-element-5b1a99ed elementor-widget elementor-widget-hub_fancy_heading\" data-id=\"5b1a99ed\" data-element_type=\"widget\" data-widget_type=\"hub_fancy_heading.default\">\n\t\t\t\t<div class=\"elementor-widget-container\">\n\t\t\t\t\t\n\t\t<div id=\"ld-fancy-heading-69d3e223ae37a\" class=\"ld-fancy-heading pos-rel\">\n\t\t\t<h2 class=\"ld-fh-element d-inline-block pos-rel txt-rotator-basic elementor-heading-title lqd-highlight-classic lqd-highlight-grow-left h2\"  data-text-rotator=\"true\" data-text-rotator-options=\"{&quot;animationType&quot;:&quot;basic&quot;}\" > Legal <span class=\"txt-rotate-keywords\"><span class=\"txt-rotate-keyword active\" ><span><\/span><\/span><\/span><\/h2>\t\t<\/div>\n\n\t\t\t\t\t\t<\/div>\n\t\t\t\t<\/div>\n\t\t\t\t<div class=\"elementor-element elementor-element-7fdac265 elementor-widget elementor-widget-hub_fancy_heading lqd-el-has-inner-anim\" data-id=\"7fdac265\" data-element_type=\"widget\" data-settings=\"{&quot;enable_split&quot;:&quot;true&quot;,&quot;split_type&quot;:&quot;lines&quot;}\" data-widget_type=\"hub_fancy_heading.default\">\n\t\t\t\t<div class=\"elementor-widget-container\">\n\t\t\t\t\t\n\t\t<div id=\"ld-fancy-heading-69d3e223af8b9\" class=\"ld-fancy-heading pos-rel\">\n\t\t\t<p class=\"ld-fh-element d-inline-block pos-rel  lqd-highlight-classic lqd-highlight-grow-left lqd-split-lines p\"  data-split-text=\"true\" data-split-options='{\"type\":\"lines\"}'> TIPOLOG\u00cdAS Y RENDERS <br><br>\nTextos, renders, planos e im\u00e1genes utilizados y que aparecen, se encuentran en fase de desarrollo y son de uso puramente conceptual para tener una referencia parcial del desarrollo final. No deben tomarse en cuenta para datos y detalles t\u00e9cnicos determinantes, ni finales, dichos detalles estar\u00e1n determinados en el plano adjunto, as\u00ed como en el momento de conclusi\u00f3n del proyecto. El proyecto podr\u00e1 tener modificaciones, revisiones, y cambios a discreci\u00f3n del desarrollador. Las medidas son aproximadas y podr\u00e1n variar seg\u00fan los modelos conceptuales y tipolog\u00edas. Cualquier informaci\u00f3n podr\u00e1 consultarse en esta memoria descriptiva y plano.\n<\/p>\t\t<\/div>\n\n\t\t\t\t\t\t<\/div>\n\t\t\t\t<\/div>\n\t\t\t\t<div class=\"elementor-element elementor-element-1a500a06 elementor-widget elementor-widget-hub_fancy_heading lqd-el-has-inner-anim\" data-id=\"1a500a06\" data-element_type=\"widget\" data-settings=\"{&quot;enable_split&quot;:&quot;true&quot;,&quot;split_type&quot;:&quot;lines&quot;}\" data-widget_type=\"hub_fancy_heading.default\">\n\t\t\t\t<div class=\"elementor-widget-container\">\n\t\t\t\t\t\n\t\t<div id=\"ld-fancy-heading-69d3e223b093b\" class=\"ld-fancy-heading pos-rel\">\n\t\t\t<p class=\"ld-fh-element d-inline-block pos-rel  lqd-highlight-classic lqd-highlight-grow-left lqd-split-lines p\"  data-split-text=\"true\" data-split-options='{\"type\":\"lines\"}'> ACABADOS GENERALES<br><br>\nLos acabados generales que se muestran, podr\u00e1n variar en su consistencia, color y apariencia, derivado de las condiciones clim\u00e1ticas de la zona, as\u00ed como tambi\u00e9n de acuerdo con el suministro por parte del proveedor de los mismos. Podr\u00e1n cambiar los acabados, derivado de la disponibilidad y existencia del producto, de lo contrario se contar\u00e1 con un acabado de igual calidad o similar para la misma finalidad para la cual fue colocado. Al ser un proyecto en desarrollo podr\u00e1n variar los acabados y distribuci\u00f3n de los mismos. Cualquier informaci\u00f3n podr\u00e1 consultarse en esta memoria descriptiva y plano.\n\n<\/p>\t\t<\/div>\n\n\t\t\t\t\t\t<\/div>\n\t\t\t\t<\/div>\n\t\t\t\t<div class=\"elementor-element elementor-element-66d5d76 elementor-widget elementor-widget-hub_fancy_heading lqd-el-has-inner-anim\" data-id=\"66d5d76\" data-element_type=\"widget\" data-settings=\"{&quot;enable_split&quot;:&quot;true&quot;,&quot;split_type&quot;:&quot;lines&quot;}\" data-widget_type=\"hub_fancy_heading.default\">\n\t\t\t\t<div class=\"elementor-widget-container\">\n\t\t\t\t\t\n\t\t<div id=\"ld-fancy-heading-69d3e223b1843\" class=\"ld-fancy-heading pos-rel\">\n\t\t\t<p class=\"ld-fh-element d-inline-block pos-rel  lqd-highlight-classic lqd-highlight-grow-left lqd-split-lines p\"  data-split-text=\"true\" data-split-options='{\"type\":\"lines\"}'> CAT\u00c1LOGO DE CALIDADES<br><br>\nElectrodom\u00e9sticos y equipamiento pueden variar en cuanto a marcas, tipos y dise\u00f1o, de acuerdo a disponibilidad del proveedor. Al ser un proyecto en desarrollo podr\u00e1n variar los acabados y distribuci\u00f3n de los mismos. Cualquier informaci\u00f3n podr\u00e1 consultarse en esta memoria descriptiva\u00a0y\u00a0plano.<\/p>\t\t<\/div>\n\n\t\t\t\t\t\t<\/div>\n\t\t\t\t<\/div>\n\t\t\t\t\t<\/div>\n\t\t<\/div>\n\t\t\t\t<div class=\"elementor-column elementor-col-50 elementor-top-column elementor-element elementor-element-5db6cb91\" data-id=\"5db6cb91\" data-element_type=\"column\">\n\t\t\t<div class=\"elementor-widget-wrap\">\n\t\t\t\t\t\t\t<\/div>\n\t\t<\/div>\n\t\t\t\t\t<\/div>\n\t\t<\/section>\n\t\t\t\t<\/div>\n\t\t","protected":false},"excerpt":{"rendered":"<p>Departamento Legal TIPOLOG\u00cdAS Y RENDERS Textos, renders, planos e im\u00e1genes utilizados y que aparecen, se encuentran en fase de desarrollo y son de uso puramente conceptual para tener una referencia parcial del desarrollo final. No deben tomarse en cuenta para datos y detalles t\u00e9cnicos determinantes, ni finales, dichos detalles estar\u00e1n determinados en el plano adjunto, as\u00ed como en el momento de conclusi\u00f3n del proyecto. El proyecto podr\u00e1 tener modificaciones, revisiones, y cambios a discreci\u00f3n del desarrollador. Las medidas son aproximadas y podr\u00e1n variar seg\u00fan los modelos conceptuales y tipolog\u00edas. Cualquier informaci\u00f3n podr\u00e1 consultarse en esta memoria descriptiva y plano. ACABADOS GENERALES Los acabados generales que se muestran, podr\u00e1n variar en su consistencia, color y apariencia, derivado de las condiciones clim\u00e1ticas de la zona, as\u00ed como tambi\u00e9n de acuerdo con el suministro por parte del proveedor de los mismos. Podr\u00e1n cambiar los acabados, derivado de la disponibilidad y existencia del producto, de lo contrario se contar\u00e1 con un acabado de igual calidad o similar para la misma finalidad para la cual fue colocado. Al ser un proyecto en desarrollo podr\u00e1n variar los acabados y distribuci\u00f3n de los mismos. Cualquier informaci\u00f3n podr\u00e1 consultarse en esta memoria descriptiva y plano. CAT\u00c1LOGO DE CALIDADES Electrodom\u00e9sticos y equipamiento pueden variar en cuanto a marcas, tipos y dise\u00f1o, de acuerdo a disponibilidad del proveedor. Al ser un proyecto en desarrollo podr\u00e1n variar los acabados y distribuci\u00f3n de los mismos. Cualquier informaci\u00f3n podr\u00e1 consultarse en esta memoria descriptiva\u00a0y\u00a0plano.<\/p>\n","protected":false},"author":1,"featured_media":0,"parent":0,"menu_order":0,"comment_status":"closed","ping_status":"closed","template":"","meta":{"_monsterinsights_skip_tracking":false,"_monsterinsights_sitenote_active":false,"_monsterinsights_sitenote_note":"","_monsterinsights_sitenote_category":0,"footnotes":""},"class_list":["post-19613","page","type-page","status-publish","hentry"],"yoast_head":"<!-- This site is optimized with the Yoast SEO plugin v27.3 - https:\/\/yoast.com\/product\/yoast-seo-wordpress\/ -->\n<title>Legal - Onix Living<\/title>\n<meta name=\"robots\" content=\"index, follow, max-snippet:-1, max-image-preview:large, max-video-preview:-1\" \/>\n<link rel=\"canonical\" href=\"https:\/\/onixliving.mx\/index.php\/legal\/\" \/>\n<meta property=\"og:locale\" content=\"es_ES\" \/>\n<meta property=\"og:type\" content=\"article\" \/>\n<meta property=\"og:title\" content=\"Legal - Onix Living\" \/>\n<meta property=\"og:description\" content=\"Departamento Legal TIPOLOG\u00cdAS Y RENDERS Textos, renders, planos e im\u00e1genes utilizados y que aparecen, se encuentran en fase de desarrollo y son de uso puramente conceptual para tener una referencia parcial del desarrollo final. No deben tomarse en cuenta para datos y detalles t\u00e9cnicos determinantes, ni finales, dichos detalles estar\u00e1n determinados en el plano adjunto, as\u00ed como en el momento de conclusi\u00f3n del proyecto. El proyecto podr\u00e1 tener modificaciones, revisiones, y cambios a discreci\u00f3n del desarrollador. Las medidas son aproximadas y podr\u00e1n variar seg\u00fan los modelos conceptuales y tipolog\u00edas. Cualquier informaci\u00f3n podr\u00e1 consultarse en esta memoria descriptiva y plano. ACABADOS GENERALES Los acabados generales que se muestran, podr\u00e1n variar en su consistencia, color y apariencia, derivado de las condiciones clim\u00e1ticas de la zona, as\u00ed como tambi\u00e9n de acuerdo con el suministro por parte del proveedor de los mismos. Podr\u00e1n cambiar los acabados, derivado de la disponibilidad y existencia del producto, de lo contrario se contar\u00e1 con un acabado de igual calidad o similar para la misma finalidad para la cual fue colocado. Al ser un proyecto en desarrollo podr\u00e1n variar los acabados y distribuci\u00f3n de los mismos. Cualquier informaci\u00f3n podr\u00e1 consultarse en esta memoria descriptiva y plano. CAT\u00c1LOGO DE CALIDADES Electrodom\u00e9sticos y equipamiento pueden variar en cuanto a marcas, tipos y dise\u00f1o, de acuerdo a disponibilidad del proveedor. Al ser un proyecto en desarrollo podr\u00e1n variar los acabados y distribuci\u00f3n de los mismos. Cualquier informaci\u00f3n podr\u00e1 consultarse en esta memoria descriptiva\u00a0y\u00a0plano.\" \/>\n<meta property=\"og:url\" content=\"https:\/\/onixliving.mx\/index.php\/legal\/\" \/>\n<meta property=\"og:site_name\" content=\"Onix Living\" \/>\n<meta property=\"article:publisher\" content=\"https:\/\/www.facebook.com\/OnixLiving.mx\" \/>\n<meta property=\"article:modified_time\" content=\"2024-10-16T19:27:22+00:00\" \/>\n<meta property=\"og:image\" content=\"https:\/\/onixliving.mx\/wp-content\/uploads\/2020\/09\/2_1BR-Jungle-Private-Pool-2048x1365-1.jpg\" \/>\n\t<meta property=\"og:image:width\" content=\"2048\" \/>\n\t<meta property=\"og:image:height\" content=\"1365\" \/>\n\t<meta property=\"og:image:type\" content=\"image\/jpeg\" \/>\n<meta name=\"twitter:card\" content=\"summary_large_image\" \/>\n<meta name=\"twitter:label1\" content=\"Tiempo de lectura\" \/>\n\t<meta name=\"twitter:data1\" content=\"2 minutos\" \/>\n<script type=\"application\/ld+json\" class=\"yoast-schema-graph\">{\"@context\":\"https:\\\/\\\/schema.org\",\"@graph\":[{\"@type\":\"WebPage\",\"@id\":\"https:\\\/\\\/onixliving.mx\\\/index.php\\\/legal\\\/\",\"url\":\"https:\\\/\\\/onixliving.mx\\\/index.php\\\/legal\\\/\",\"name\":\"Legal - Onix Living\",\"isPartOf\":{\"@id\":\"https:\\\/\\\/onixliving.mx\\\/#website\"},\"datePublished\":\"2024-08-12T19:04:29+00:00\",\"dateModified\":\"2024-10-16T19:27:22+00:00\",\"breadcrumb\":{\"@id\":\"https:\\\/\\\/onixliving.mx\\\/index.php\\\/legal\\\/#breadcrumb\"},\"inLanguage\":\"es\",\"potentialAction\":[{\"@type\":\"ReadAction\",\"target\":[\"https:\\\/\\\/onixliving.mx\\\/index.php\\\/legal\\\/\"]}]},{\"@type\":\"BreadcrumbList\",\"@id\":\"https:\\\/\\\/onixliving.mx\\\/index.php\\\/legal\\\/#breadcrumb\",\"itemListElement\":[{\"@type\":\"ListItem\",\"position\":1,\"name\":\"Inicio\",\"item\":\"https:\\\/\\\/onixliving.mx\\\/\"},{\"@type\":\"ListItem\",\"position\":2,\"name\":\"Legal\"}]},{\"@type\":\"WebSite\",\"@id\":\"https:\\\/\\\/onixliving.mx\\\/#website\",\"url\":\"https:\\\/\\\/onixliving.mx\\\/\",\"name\":\"Onix Living\",\"description\":\"Onix Living es una empresa desarrolladora con una propuesta \u00fanica en el Caribe Mexicano.\",\"publisher\":{\"@id\":\"https:\\\/\\\/onixliving.mx\\\/#organization\"},\"potentialAction\":[{\"@type\":\"SearchAction\",\"target\":{\"@type\":\"EntryPoint\",\"urlTemplate\":\"https:\\\/\\\/onixliving.mx\\\/?s={search_term_string}\"},\"query-input\":{\"@type\":\"PropertyValueSpecification\",\"valueRequired\":true,\"valueName\":\"search_term_string\"}}],\"inLanguage\":\"es\"},{\"@type\":\"Organization\",\"@id\":\"https:\\\/\\\/onixliving.mx\\\/#organization\",\"name\":\"Onix Living\",\"url\":\"https:\\\/\\\/onixliving.mx\\\/\",\"logo\":{\"@type\":\"ImageObject\",\"inLanguage\":\"es\",\"@id\":\"https:\\\/\\\/onixliving.mx\\\/#\\\/schema\\\/logo\\\/image\\\/\",\"url\":\"https:\\\/\\\/onixliving.mx\\\/wp-content\\\/uploads\\\/2022\\\/03\\\/logo_web_onix.png\",\"contentUrl\":\"https:\\\/\\\/onixliving.mx\\\/wp-content\\\/uploads\\\/2022\\\/03\\\/logo_web_onix.png\",\"width\":313,\"height\":97,\"caption\":\"Onix Living\"},\"image\":{\"@id\":\"https:\\\/\\\/onixliving.mx\\\/#\\\/schema\\\/logo\\\/image\\\/\"},\"sameAs\":[\"https:\\\/\\\/www.facebook.com\\\/OnixLiving.mx\",\"https:\\\/\\\/www.instagram.com\\\/onixlivingmx\\\/\",\"https:\\\/\\\/www.linkedin.com\\\/company\\\/onix-living\\\/\"]}]}<\/script>\n<!-- \/ Yoast SEO plugin. -->","yoast_head_json":{"title":"Legal - Onix Living","robots":{"index":"index","follow":"follow","max-snippet":"max-snippet:-1","max-image-preview":"max-image-preview:large","max-video-preview":"max-video-preview:-1"},"canonical":"https:\/\/onixliving.mx\/index.php\/legal\/","og_locale":"es_ES","og_type":"article","og_title":"Legal - Onix Living","og_description":"Departamento Legal TIPOLOG\u00cdAS Y RENDERS Textos, renders, planos e im\u00e1genes utilizados y que aparecen, se encuentran en fase de desarrollo y son de uso puramente conceptual para tener una referencia parcial del desarrollo final. No deben tomarse en cuenta para datos y detalles t\u00e9cnicos determinantes, ni finales, dichos detalles estar\u00e1n determinados en el plano adjunto, as\u00ed como en el momento de conclusi\u00f3n del proyecto. El proyecto podr\u00e1 tener modificaciones, revisiones, y cambios a discreci\u00f3n del desarrollador. Las medidas son aproximadas y podr\u00e1n variar seg\u00fan los modelos conceptuales y tipolog\u00edas. Cualquier informaci\u00f3n podr\u00e1 consultarse en esta memoria descriptiva y plano. ACABADOS GENERALES Los acabados generales que se muestran, podr\u00e1n variar en su consistencia, color y apariencia, derivado de las condiciones clim\u00e1ticas de la zona, as\u00ed como tambi\u00e9n de acuerdo con el suministro por parte del proveedor de los mismos. Podr\u00e1n cambiar los acabados, derivado de la disponibilidad y existencia del producto, de lo contrario se contar\u00e1 con un acabado de igual calidad o similar para la misma finalidad para la cual fue colocado. Al ser un proyecto en desarrollo podr\u00e1n variar los acabados y distribuci\u00f3n de los mismos. Cualquier informaci\u00f3n podr\u00e1 consultarse en esta memoria descriptiva y plano. CAT\u00c1LOGO DE CALIDADES Electrodom\u00e9sticos y equipamiento pueden variar en cuanto a marcas, tipos y dise\u00f1o, de acuerdo a disponibilidad del proveedor. Al ser un proyecto en desarrollo podr\u00e1n variar los acabados y distribuci\u00f3n de los mismos. Cualquier informaci\u00f3n podr\u00e1 consultarse en esta memoria descriptiva\u00a0y\u00a0plano.","og_url":"https:\/\/onixliving.mx\/index.php\/legal\/","og_site_name":"Onix Living","article_publisher":"https:\/\/www.facebook.com\/OnixLiving.mx","article_modified_time":"2024-10-16T19:27:22+00:00","og_image":[{"width":2048,"height":1365,"url":"https:\/\/onixliving.mx\/wp-content\/uploads\/2020\/09\/2_1BR-Jungle-Private-Pool-2048x1365-1.jpg","type":"image\/jpeg"}],"twitter_card":"summary_large_image","twitter_misc":{"Tiempo de lectura":"2 minutos"},"schema":{"@context":"https:\/\/schema.org","@graph":[{"@type":"WebPage","@id":"https:\/\/onixliving.mx\/index.php\/legal\/","url":"https:\/\/onixliving.mx\/index.php\/legal\/","name":"Legal - Onix Living","isPartOf":{"@id":"https:\/\/onixliving.mx\/#website"},"datePublished":"2024-08-12T19:04:29+00:00","dateModified":"2024-10-16T19:27:22+00:00","breadcrumb":{"@id":"https:\/\/onixliving.mx\/index.php\/legal\/#breadcrumb"},"inLanguage":"es","potentialAction":[{"@type":"ReadAction","target":["https:\/\/onixliving.mx\/index.php\/legal\/"]}]},{"@type":"BreadcrumbList","@id":"https:\/\/onixliving.mx\/index.php\/legal\/#breadcrumb","itemListElement":[{"@type":"ListItem","position":1,"name":"Inicio","item":"https:\/\/onixliving.mx\/"},{"@type":"ListItem","position":2,"name":"Legal"}]},{"@type":"WebSite","@id":"https:\/\/onixliving.mx\/#website","url":"https:\/\/onixliving.mx\/","name":"Onix Living","description":"Onix Living es una empresa desarrolladora con una propuesta \u00fanica en el Caribe Mexicano.","publisher":{"@id":"https:\/\/onixliving.mx\/#organization"},"potentialAction":[{"@type":"SearchAction","target":{"@type":"EntryPoint","urlTemplate":"https:\/\/onixliving.mx\/?s={search_term_string}"},"query-input":{"@type":"PropertyValueSpecification","valueRequired":true,"valueName":"search_term_string"}}],"inLanguage":"es"},{"@type":"Organization","@id":"https:\/\/onixliving.mx\/#organization","name":"Onix Living","url":"https:\/\/onixliving.mx\/","logo":{"@type":"ImageObject","inLanguage":"es","@id":"https:\/\/onixliving.mx\/#\/schema\/logo\/image\/","url":"https:\/\/onixliving.mx\/wp-content\/uploads\/2022\/03\/logo_web_onix.png","contentUrl":"https:\/\/onixliving.mx\/wp-content\/uploads\/2022\/03\/logo_web_onix.png","width":313,"height":97,"caption":"Onix Living"},"image":{"@id":"https:\/\/onixliving.mx\/#\/schema\/logo\/image\/"},"sameAs":["https:\/\/www.facebook.com\/OnixLiving.mx","https:\/\/www.instagram.com\/onixlivingmx\/","https:\/\/www.linkedin.com\/company\/onix-living\/"]}]}},"_links":{"self":[{"href":"https:\/\/onixliving.mx\/index.php\/wp-json\/wp\/v2\/pages\/19613","targetHints":{"allow":["GET"]}}],"collection":[{"href":"https:\/\/onixliving.mx\/index.php\/wp-json\/wp\/v2\/pages"}],"about":[{"href":"https:\/\/onixliving.mx\/index.php\/wp-json\/wp\/v2\/types\/page"}],"author":[{"embeddable":true,"href":"https:\/\/onixliving.mx\/index.php\/wp-json\/wp\/v2\/users\/1"}],"replies":[{"embeddable":true,"href":"https:\/\/onixliving.mx\/index.php\/wp-json\/wp\/v2\/comments?post=19613"}],"version-history":[{"count":40,"href":"https:\/\/onixliving.mx\/index.php\/wp-json\/wp\/v2\/pages\/19613\/revisions"}],"predecessor-version":[{"id":20130,"href":"https:\/\/onixliving.mx\/index.php\/wp-json\/wp\/v2\/pages\/19613\/revisions\/20130"}],"wp:attachment":[{"href":"https:\/\/onixliving.mx\/index.php\/wp-json\/wp\/v2\/media?parent=19613"}],"curies":[{"name":"wp","href":"https:\/\/api.w.org\/{rel}","templated":true}]}}