{"id":8426,"date":"2022-04-07T17:27:25","date_gmt":"2022-04-07T17:27:25","guid":{"rendered":"https:\/\/staging.liquid-themes.com\/arc-adaptive\/?page_id=8426"},"modified":"2025-07-11T09:48:21","modified_gmt":"2025-07-11T14:48:21","slug":"contact","status":"publish","type":"page","link":"https:\/\/onixliving.mx\/index.php\/contact\/","title":{"rendered":"Contacto"},"content":{"rendered":"\t\t<div data-elementor-type=\"wp-page\" data-elementor-id=\"8426\" class=\"elementor elementor-8426\">\n\t\t\t\t\t\t<section data-custom-animations=\"true\" data-ca-options=\"{&quot;addChildTimelines&quot;:false,&quot;animationTarget&quot;:&quot;:scope &gt; .elementor-container &gt; .elementor-column&quot;,&quot;ease&quot;:[&quot;power4.out&quot;],&quot;initValues&quot;:[],&quot;animations&quot;:[]}\" class=\"elementor-section elementor-top-section elementor-element elementor-element-363248a5 elementor-section-content-middle elementor-section-boxed elementor-section-height-default elementor-section-height-default wpr-particle-no wpr-jarallax-no wpr-parallax-no wpr-sticky-section-no\" data-id=\"363248a5\" data-element_type=\"section\" data-settings=\"{&quot;background_background&quot;:&quot;classic&quot;}\">\n\t\t\t\t\t\t<div class=\"elementor-container elementor-column-gap-default\">\n\t\t\t\t\t<div class=\"elementor-column elementor-col-100 elementor-top-column elementor-element elementor-element-26cd2251\" data-id=\"26cd2251\" data-element_type=\"column\">\n\t\t\t<div class=\"elementor-widget-wrap elementor-element-populated\">\n\t\t\t\t\t\t<div class=\"elementor-element elementor-element-3eabbcd2 elementor-widget__width-auto elementor-widget elementor-widget-hub_fancy_heading\" data-id=\"3eabbcd2\" data-element_type=\"widget\" data-widget_type=\"hub_fancy_heading.default\">\n\t\t\t\t<div class=\"elementor-widget-container\">\n\t\t\t\t\t\n\t\t<div id=\"ld-fancy-heading-69d3e2188b89a\" class=\"ld-fancy-heading pos-rel\">\n\t\t\t<h6 class=\"ld-fh-element d-inline-block pos-rel  elementor-heading-title lqd-highlight-classic lqd-highlight-grow-left h6\"  > CONTACTO<\/h6>\t\t<\/div>\n\n\t\t\t\t\t\t<\/div>\n\t\t\t\t<\/div>\n\t\t\t\t\t<\/div>\n\t\t<\/div>\n\t\t\t\t<div class=\"elementor-column elementor-col-100 elementor-top-column elementor-element elementor-element-3d0a87c6\" data-id=\"3d0a87c6\" data-element_type=\"column\">\n\t\t\t<div class=\"elementor-widget-wrap elementor-element-populated\">\n\t\t\t\t\t\t<div class=\"elementor-element elementor-element-02bb643 elementor-widget elementor-widget-hub_fancy_heading\" data-id=\"02bb643\" data-element_type=\"widget\" data-widget_type=\"hub_fancy_heading.default\">\n\t\t\t\t<div class=\"elementor-widget-container\">\n\t\t\t\t\t\n\t\t<div id=\"ld-fancy-heading-69d3e2188cacd\" class=\"ld-fancy-heading pos-rel\">\n\t\t\t<h1 class=\"ld-fh-element d-inline-block pos-rel  elementor-heading-title lqd-highlight-classic lqd-highlight-grow-left h1\"  > \u00bfEstas interesado en nuestros proyectos?<\/h1>\t\t<\/div>\n\n\t\t\t\t\t\t<\/div>\n\t\t\t\t<\/div>\n\t\t\t\t<div class=\"elementor-element elementor-element-cf6fbb2 elementor-widget elementor-widget-hub_fancy_heading\" data-id=\"cf6fbb2\" data-element_type=\"widget\" data-widget_type=\"hub_fancy_heading.default\">\n\t\t\t\t<div class=\"elementor-widget-container\">\n\t\t\t\t\t\n\t\t<div id=\"ld-fancy-heading-69d3e2188d875\" class=\"ld-fancy-heading pos-rel\">\n\t\t\t<h1 class=\"ld-fh-element d-inline-block pos-rel  elementor-heading-title lqd-highlight-classic lqd-highlight-grow-left h1\"  > Hablemos.<\/h1>\t\t<\/div>\n\n\t\t\t\t\t\t<\/div>\n\t\t\t\t<\/div>\n\t\t\t\t<section class=\"elementor-section elementor-inner-section elementor-element elementor-element-243e09c8 elementor-section-boxed elementor-section-height-default elementor-section-height-default wpr-particle-no wpr-jarallax-no wpr-parallax-no wpr-sticky-section-no\" data-id=\"243e09c8\" data-element_type=\"section\">\n\t\t\t\t\t\t<div class=\"elementor-container elementor-column-gap-default\">\n\t\t\t\t\t<div class=\"elementor-column elementor-col-50 elementor-inner-column elementor-element elementor-element-14270f1c\" data-id=\"14270f1c\" data-element_type=\"column\">\n\t\t\t<div class=\"elementor-widget-wrap elementor-element-populated\">\n\t\t\t\t\t\t<div class=\"elementor-element elementor-element-336cb24 elementor-widget elementor-widget-hub_fancy_heading\" data-id=\"336cb24\" data-element_type=\"widget\" data-widget_type=\"hub_fancy_heading.default\">\n\t\t\t\t<div class=\"elementor-widget-container\">\n\t\t\t\t\t\n\t\t<div id=\"ld-fancy-heading-69d3e2188e59b\" class=\"ld-fancy-heading pos-rel\">\n\t\t\t<p class=\"ld-fh-element d-inline-block pos-rel  lqd-highlight-classic lqd-highlight-grow-left p\"  > Construimos y activamos marcas a trav\u00e9s de una visi\u00f3n cultural y estrat\u00e9gica.<\/p>\t\t<\/div>\n\n\t\t\t\t\t\t<\/div>\n\t\t\t\t<\/div>\n\t\t\t\t<div class=\"elementor-element elementor-element-7938e901 elementor-widget elementor-widget-hub_fancy_heading\" data-id=\"7938e901\" data-element_type=\"widget\" data-widget_type=\"hub_fancy_heading.default\">\n\t\t\t\t<div class=\"elementor-widget-container\">\n\t\t\t\t\t\n\t\t<div id=\"ld-fancy-heading-69d3e2188f32c\" class=\"ld-fancy-heading pos-rel\">\n\t\t\t<p class=\"ld-fh-element d-inline-block pos-rel  lqd-highlight-classic lqd-highlight-grow-left p\"  > Desarrollos inmobiliarios<\/p>\t\t<\/div>\n\n\t\t\t\t\t\t<\/div>\n\t\t\t\t<\/div>\n\t\t\t\t<div class=\"elementor-element elementor-element-7c2efd01 elementor-widget elementor-widget-hub_fancy_heading\" data-id=\"7c2efd01\" data-element_type=\"widget\" data-widget_type=\"hub_fancy_heading.default\">\n\t\t\t\t<div class=\"elementor-widget-container\">\n\t\t\t\t\t\n\t\t<div id=\"ld-fancy-heading-69d3e21890059\" class=\"ld-fancy-heading pos-rel\">\n\t\t\t<p class=\"ld-fh-element d-inline-block pos-rel  lqd-highlight-classic lqd-highlight-grow-left p\"  > \u00a1Con\u00f3celos!<\/p>\t\t<\/div>\n\n\t\t\t\t\t\t<\/div>\n\t\t\t\t<\/div>\n\t\t\t\t<div class=\"elementor-element elementor-element-288456d5 elementor-widget elementor-widget-hub_fancy_heading\" data-id=\"288456d5\" data-element_type=\"widget\" data-widget_type=\"hub_fancy_heading.default\">\n\t\t\t\t<div class=\"elementor-widget-container\">\n\t\t\t\t\t\n\t\t<div id=\"ld-fancy-heading-69d3e21890dbe\" class=\"ld-fancy-heading pos-rel\">\n\t\t\t<p class=\"ld-fh-element d-inline-block pos-rel  lqd-highlight-classic lqd-highlight-grow-left p\" ><a href=\"tel:52%20984%20188%204067\" > +52 984 188 4067<\/a><\/p>\t\t<\/div>\n\n\t\t\t\t\t\t<\/div>\n\t\t\t\t<\/div>\n\t\t\t\t\t<\/div>\n\t\t<\/div>\n\t\t\t\t<div class=\"elementor-column elementor-col-50 elementor-inner-column elementor-element elementor-element-78503532\" data-id=\"78503532\" data-element_type=\"column\">\n\t\t\t<div class=\"elementor-widget-wrap elementor-element-populated\">\n\t\t\t\t\t\t<div class=\"elementor-element elementor-element-3aedfb06 elementor-widget elementor-widget-hub_fancy_heading\" data-id=\"3aedfb06\" data-element_type=\"widget\" data-widget_type=\"hub_fancy_heading.default\">\n\t\t\t\t<div class=\"elementor-widget-container\">\n\t\t\t\t\t\n\t\t<div id=\"ld-fancy-heading-69d3e21891b3c\" class=\"ld-fancy-heading pos-rel\">\n\t\t\t<p class=\"ld-fh-element d-inline-block pos-rel  lqd-highlight-classic lqd-highlight-grow-left p\"  > Nos pondremos en contacto para aclarar cualquier duda y ayudarte a invertir con seguridad y confianza.<\/p>\t\t<\/div>\n\n\t\t\t\t\t\t<\/div>\n\t\t\t\t<\/div>\n\t\t\t\t<div class=\"elementor-element elementor-element-2bcaf385 elementor-widget elementor-widget-hub_fancy_heading\" data-id=\"2bcaf385\" data-element_type=\"widget\" data-widget_type=\"hub_fancy_heading.default\">\n\t\t\t\t<div class=\"elementor-widget-container\">\n\t\t\t\t\t\n\t\t<div id=\"ld-fancy-heading-69d3e218928d2\" class=\"ld-fancy-heading pos-rel\">\n\t\t\t<p class=\"ld-fh-element d-inline-block pos-rel  lqd-highlight-classic lqd-highlight-grow-left p\"  > \u00bfInvertir?<\/p>\t\t<\/div>\n\n\t\t\t\t\t\t<\/div>\n\t\t\t\t<\/div>\n\t\t\t\t<div class=\"elementor-element elementor-element-2ecfae27 elementor-widget elementor-widget-hub_fancy_heading\" data-id=\"2ecfae27\" data-element_type=\"widget\" data-widget_type=\"hub_fancy_heading.default\">\n\t\t\t\t<div class=\"elementor-widget-container\">\n\t\t\t\t\t\n\t\t<div id=\"ld-fancy-heading-69d3e2189363f\" class=\"ld-fancy-heading pos-rel\">\n\t\t\t<p class=\"ld-fh-element d-inline-block pos-rel  lqd-highlight-classic lqd-highlight-grow-left p\" ><a href=\"mailto:info@onixliving.mx\" > info@onixliving.mx<\/a><\/p>\t\t<\/div>\n\n\t\t\t\t\t\t<\/div>\n\t\t\t\t<\/div>\n\t\t\t\t\t<\/div>\n\t\t<\/div>\n\t\t\t\t\t<\/div>\n\t\t<\/section>\n\t\t\t\t\t<\/div>\n\t\t<\/div>\n\t\t\t\t<div class=\"elementor-column elementor-col-100 elementor-top-column elementor-element elementor-element-54e6263c\" data-id=\"54e6263c\" data-element_type=\"column\">\n\t\t\t<div class=\"elementor-widget-wrap elementor-element-populated\">\n\t\t\t\t\t\t<div class=\"elementor-element elementor-element-560e995b elementor-widget elementor-widget-ld_modal_window\" data-id=\"560e995b\" data-element_type=\"widget\" data-settings=\"{&quot;modal&quot;:&quot;8440&quot;}\" data-widget_type=\"ld_modal_window.default\">\n\t\t\t\t<div class=\"elementor-widget-container\">\n\t\t\t\t\t\t\t\n\n\t\t\t\t<div id=\"modal-8440\" class=\"lqd-modal lqd-lity-hide\" data-modal-type=\"fullscreen\">\n\t\t\n\t\t\t<div class=\"lqd-modal-inner\">\n\t\t\t\t<div class=\"lqd-modal-content\">\n\t\t\t\t\t\t\t<div data-elementor-type=\"section\" data-elementor-id=\"8440\" class=\"elementor elementor-8440\">\n\t\t\t\t\t\t<section class=\"elementor-section elementor-top-section elementor-element elementor-element-6047eca2 elementor-section-content-middle elementor-section-full_width elementor-section-height-default elementor-section-height-default wpr-particle-no wpr-jarallax-no wpr-parallax-no wpr-sticky-section-no\" data-id=\"6047eca2\" data-element_type=\"section\" data-settings=\"{&quot;background_background&quot;:&quot;classic&quot;}\">\n\t\t\t\t\t\t\t<div class=\"elementor-background-overlay\"><\/div>\n\t\t\t\t\t\t\t<div class=\"elementor-container elementor-column-gap-default\">\n\t\t\t\t\t<div class=\"elementor-column elementor-col-100 elementor-top-column elementor-element elementor-element-6a767fcd\" data-id=\"6a767fcd\" data-element_type=\"column\" data-settings=\"{&quot;background_background&quot;:&quot;classic&quot;}\">\n\t\t\t<div class=\"elementor-widget-wrap elementor-element-populated\">\n\t\t\t\t\t\t<div class=\"elementor-element elementor-element-8a9d15a elementor-widget elementor-widget-html\" data-id=\"8a9d15a\" data-element_type=\"widget\" data-widget_type=\"html.default\">\n\t\t\t\t<div class=\"elementor-widget-container\">\n\t\t\t\t\t<iframe frameborder=\"0\" style=\"height:700px;width:99%;border:none;\" src='https:\/\/forms.zohopublic.com\/onixlivingmx\/form\/ContactoEmpresarial\/formperma\/5DGjKuFgBQ2O8r4RVlqhAx2OmPA_MY7EEIAAMbggnXw'><\/iframe>\t\t\t\t<\/div>\n\t\t\t\t<\/div>\n\t\t\t\t\t<\/div>\n\t\t<\/div>\n\t\t\t\t\t<\/div>\n\t\t<\/section>\n\t\t\t\t<\/div>\n\t\t\t\t\t\t<\/div>\n\t\t\t<\/div>\n\n\t\t<\/div>\n\n\t\t\t\t\t\t<\/div>\n\t\t\t\t<\/div>\n\t\t\t\t\t<\/div>\n\t\t<\/div>\n\t\t\t\t\t<\/div>\n\t\t<\/section>\n\t\t\t\t<section class=\"elementor-section elementor-top-section elementor-element elementor-element-8bb751b elementor-section-content-middle elementor-section-boxed elementor-section-height-default elementor-section-height-default wpr-particle-no wpr-jarallax-no wpr-parallax-no wpr-sticky-section-no\" data-id=\"8bb751b\" data-element_type=\"section\" data-settings=\"{&quot;background_background&quot;:&quot;classic&quot;}\">\n\t\t\t\t\t\t<div class=\"elementor-container elementor-column-gap-default\">\n\t\t\t\t\t<div class=\"elementor-column elementor-col-100 elementor-top-column elementor-element elementor-element-a6eaf33\" data-id=\"a6eaf33\" data-element_type=\"column\">\n\t\t\t<div class=\"elementor-widget-wrap elementor-element-populated\">\n\t\t\t\t\t\t<div class=\"elementor-element elementor-element-2f19ffb elementor-widget elementor-widget-html\" data-id=\"2f19ffb\" data-element_type=\"widget\" data-widget_type=\"html.default\">\n\t\t\t\t<div class=\"elementor-widget-container\">\n\t\t\t\t\t<iframe frameborder=\"0\" style=\"height:800px;width:99%;border:none;\" src='https:\/\/forms.zohopublic.com\/onixlivingmx\/form\/ContactoEmpresarial\/formperma\/5DGjKuFgBQ2O8r4RVlqhAx2OmPA_MY7EEIAAMbggnXw'><\/iframe>\t\t\t\t<\/div>\n\t\t\t\t<\/div>\n\t\t\t\t\t<\/div>\n\t\t<\/div>\n\t\t\t\t\t<\/div>\n\t\t<\/section>\n\t\t\t\t<\/div>\n\t\t","protected":false},"excerpt":{"rendered":"<p>CONTACTO \u00bfEstas interesado en nuestros proyectos? Hablemos. Construimos y activamos marcas a trav\u00e9s de una visi\u00f3n cultural y estrat\u00e9gica. Desarrollos inmobiliarios \u00a1Con\u00f3celos! +52 984 188 4067 Nos pondremos en contacto para aclarar cualquier duda y ayudarte a invertir con seguridad y confianza. \u00bfInvertir? info@onixliving.mx<\/p>\n","protected":false},"author":1,"featured_media":0,"parent":0,"menu_order":0,"comment_status":"closed","ping_status":"closed","template":"","meta":{"_monsterinsights_skip_tracking":false,"_monsterinsights_sitenote_active":false,"_monsterinsights_sitenote_note":"","_monsterinsights_sitenote_category":0,"footnotes":""},"class_list":["post-8426","page","type-page","status-publish","hentry"],"yoast_head":"<!-- This site is optimized with the Yoast SEO plugin v27.3 - https:\/\/yoast.com\/product\/yoast-seo-wordpress\/ -->\n<title>Contacto - Onix Living<\/title>\n<meta name=\"description\" content=\"Tienes preguntas sobre propiedades? Estamos aqu\u00ed para ayudarte y encuentra la propiedad perfecta con la asistencia de nuestros expertos.\" \/>\n<meta name=\"robots\" content=\"index, follow, max-snippet:-1, max-image-preview:large, max-video-preview:-1\" \/>\n<link rel=\"canonical\" href=\"https:\/\/onixliving.mx\/index.php\/contact\/\" \/>\n<meta property=\"og:locale\" content=\"es_ES\" \/>\n<meta property=\"og:type\" content=\"article\" \/>\n<meta property=\"og:title\" content=\"Contacto - Onix Living\" \/>\n<meta property=\"og:description\" content=\"Tienes preguntas sobre propiedades? Estamos aqu\u00ed para ayudarte y encuentra la propiedad perfecta con la asistencia de nuestros expertos.\" \/>\n<meta property=\"og:url\" content=\"https:\/\/onixliving.mx\/index.php\/contact\/\" \/>\n<meta property=\"og:site_name\" content=\"Onix Living\" \/>\n<meta property=\"article:publisher\" content=\"https:\/\/www.facebook.com\/OnixLiving.mx\" \/>\n<meta property=\"article:modified_time\" content=\"2025-07-11T14:48:21+00:00\" \/>\n<meta property=\"og:image\" content=\"https:\/\/onixliving.mx\/wp-content\/uploads\/2020\/09\/2_1BR-Jungle-Private-Pool-2048x1365-1.jpg\" \/>\n\t<meta property=\"og:image:width\" content=\"2048\" \/>\n\t<meta property=\"og:image:height\" content=\"1365\" \/>\n\t<meta property=\"og:image:type\" content=\"image\/jpeg\" \/>\n<meta name=\"twitter:card\" content=\"summary_large_image\" \/>\n<meta name=\"twitter:label1\" content=\"Tiempo de lectura\" \/>\n\t<meta name=\"twitter:data1\" content=\"1 minuto\" \/>\n<script type=\"application\/ld+json\" class=\"yoast-schema-graph\">{\"@context\":\"https:\\\/\\\/schema.org\",\"@graph\":[{\"@type\":\"WebPage\",\"@id\":\"https:\\\/\\\/onixliving.mx\\\/index.php\\\/contact\\\/\",\"url\":\"https:\\\/\\\/onixliving.mx\\\/index.php\\\/contact\\\/\",\"name\":\"Contacto - Onix Living\",\"isPartOf\":{\"@id\":\"https:\\\/\\\/onixliving.mx\\\/#website\"},\"datePublished\":\"2022-04-07T17:27:25+00:00\",\"dateModified\":\"2025-07-11T14:48:21+00:00\",\"description\":\"Tienes preguntas sobre propiedades? Estamos aqu\u00ed para ayudarte y encuentra la propiedad perfecta con la asistencia de nuestros expertos.\",\"breadcrumb\":{\"@id\":\"https:\\\/\\\/onixliving.mx\\\/index.php\\\/contact\\\/#breadcrumb\"},\"inLanguage\":\"es\",\"potentialAction\":[{\"@type\":\"ReadAction\",\"target\":[\"https:\\\/\\\/onixliving.mx\\\/index.php\\\/contact\\\/\"]}]},{\"@type\":\"BreadcrumbList\",\"@id\":\"https:\\\/\\\/onixliving.mx\\\/index.php\\\/contact\\\/#breadcrumb\",\"itemListElement\":[{\"@type\":\"ListItem\",\"position\":1,\"name\":\"Inicio\",\"item\":\"https:\\\/\\\/onixliving.mx\\\/\"},{\"@type\":\"ListItem\",\"position\":2,\"name\":\"Contacto\"}]},{\"@type\":\"WebSite\",\"@id\":\"https:\\\/\\\/onixliving.mx\\\/#website\",\"url\":\"https:\\\/\\\/onixliving.mx\\\/\",\"name\":\"Onix Living\",\"description\":\"Onix Living es una empresa desarrolladora con una propuesta \u00fanica en el Caribe Mexicano.\",\"publisher\":{\"@id\":\"https:\\\/\\\/onixliving.mx\\\/#organization\"},\"potentialAction\":[{\"@type\":\"SearchAction\",\"target\":{\"@type\":\"EntryPoint\",\"urlTemplate\":\"https:\\\/\\\/onixliving.mx\\\/?s={search_term_string}\"},\"query-input\":{\"@type\":\"PropertyValueSpecification\",\"valueRequired\":true,\"valueName\":\"search_term_string\"}}],\"inLanguage\":\"es\"},{\"@type\":\"Organization\",\"@id\":\"https:\\\/\\\/onixliving.mx\\\/#organization\",\"name\":\"Onix Living\",\"url\":\"https:\\\/\\\/onixliving.mx\\\/\",\"logo\":{\"@type\":\"ImageObject\",\"inLanguage\":\"es\",\"@id\":\"https:\\\/\\\/onixliving.mx\\\/#\\\/schema\\\/logo\\\/image\\\/\",\"url\":\"https:\\\/\\\/onixliving.mx\\\/wp-content\\\/uploads\\\/2022\\\/03\\\/logo_web_onix.png\",\"contentUrl\":\"https:\\\/\\\/onixliving.mx\\\/wp-content\\\/uploads\\\/2022\\\/03\\\/logo_web_onix.png\",\"width\":313,\"height\":97,\"caption\":\"Onix Living\"},\"image\":{\"@id\":\"https:\\\/\\\/onixliving.mx\\\/#\\\/schema\\\/logo\\\/image\\\/\"},\"sameAs\":[\"https:\\\/\\\/www.facebook.com\\\/OnixLiving.mx\",\"https:\\\/\\\/www.instagram.com\\\/onixlivingmx\\\/\",\"https:\\\/\\\/www.linkedin.com\\\/company\\\/onix-living\\\/\"]}]}<\/script>\n<!-- \/ Yoast SEO plugin. -->","yoast_head_json":{"title":"Contacto - Onix Living","description":"Tienes preguntas sobre propiedades? Estamos aqu\u00ed para ayudarte y encuentra la propiedad perfecta con la asistencia de nuestros expertos.","robots":{"index":"index","follow":"follow","max-snippet":"max-snippet:-1","max-image-preview":"max-image-preview:large","max-video-preview":"max-video-preview:-1"},"canonical":"https:\/\/onixliving.mx\/index.php\/contact\/","og_locale":"es_ES","og_type":"article","og_title":"Contacto - Onix Living","og_description":"Tienes preguntas sobre propiedades? Estamos aqu\u00ed para ayudarte y encuentra la propiedad perfecta con la asistencia de nuestros expertos.","og_url":"https:\/\/onixliving.mx\/index.php\/contact\/","og_site_name":"Onix Living","article_publisher":"https:\/\/www.facebook.com\/OnixLiving.mx","article_modified_time":"2025-07-11T14:48:21+00:00","og_image":[{"width":2048,"height":1365,"url":"https:\/\/onixliving.mx\/wp-content\/uploads\/2020\/09\/2_1BR-Jungle-Private-Pool-2048x1365-1.jpg","type":"image\/jpeg"}],"twitter_card":"summary_large_image","twitter_misc":{"Tiempo de lectura":"1 minuto"},"schema":{"@context":"https:\/\/schema.org","@graph":[{"@type":"WebPage","@id":"https:\/\/onixliving.mx\/index.php\/contact\/","url":"https:\/\/onixliving.mx\/index.php\/contact\/","name":"Contacto - Onix Living","isPartOf":{"@id":"https:\/\/onixliving.mx\/#website"},"datePublished":"2022-04-07T17:27:25+00:00","dateModified":"2025-07-11T14:48:21+00:00","description":"Tienes preguntas sobre propiedades? Estamos aqu\u00ed para ayudarte y encuentra la propiedad perfecta con la asistencia de nuestros expertos.","breadcrumb":{"@id":"https:\/\/onixliving.mx\/index.php\/contact\/#breadcrumb"},"inLanguage":"es","potentialAction":[{"@type":"ReadAction","target":["https:\/\/onixliving.mx\/index.php\/contact\/"]}]},{"@type":"BreadcrumbList","@id":"https:\/\/onixliving.mx\/index.php\/contact\/#breadcrumb","itemListElement":[{"@type":"ListItem","position":1,"name":"Inicio","item":"https:\/\/onixliving.mx\/"},{"@type":"ListItem","position":2,"name":"Contacto"}]},{"@type":"WebSite","@id":"https:\/\/onixliving.mx\/#website","url":"https:\/\/onixliving.mx\/","name":"Onix Living","description":"Onix Living es una empresa desarrolladora con una propuesta \u00fanica en el Caribe Mexicano.","publisher":{"@id":"https:\/\/onixliving.mx\/#organization"},"potentialAction":[{"@type":"SearchAction","target":{"@type":"EntryPoint","urlTemplate":"https:\/\/onixliving.mx\/?s={search_term_string}"},"query-input":{"@type":"PropertyValueSpecification","valueRequired":true,"valueName":"search_term_string"}}],"inLanguage":"es"},{"@type":"Organization","@id":"https:\/\/onixliving.mx\/#organization","name":"Onix Living","url":"https:\/\/onixliving.mx\/","logo":{"@type":"ImageObject","inLanguage":"es","@id":"https:\/\/onixliving.mx\/#\/schema\/logo\/image\/","url":"https:\/\/onixliving.mx\/wp-content\/uploads\/2022\/03\/logo_web_onix.png","contentUrl":"https:\/\/onixliving.mx\/wp-content\/uploads\/2022\/03\/logo_web_onix.png","width":313,"height":97,"caption":"Onix Living"},"image":{"@id":"https:\/\/onixliving.mx\/#\/schema\/logo\/image\/"},"sameAs":["https:\/\/www.facebook.com\/OnixLiving.mx","https:\/\/www.instagram.com\/onixlivingmx\/","https:\/\/www.linkedin.com\/company\/onix-living\/"]}]}},"_links":{"self":[{"href":"https:\/\/onixliving.mx\/index.php\/wp-json\/wp\/v2\/pages\/8426","targetHints":{"allow":["GET"]}}],"collection":[{"href":"https:\/\/onixliving.mx\/index.php\/wp-json\/wp\/v2\/pages"}],"about":[{"href":"https:\/\/onixliving.mx\/index.php\/wp-json\/wp\/v2\/types\/page"}],"author":[{"embeddable":true,"href":"https:\/\/onixliving.mx\/index.php\/wp-json\/wp\/v2\/users\/1"}],"replies":[{"embeddable":true,"href":"https:\/\/onixliving.mx\/index.php\/wp-json\/wp\/v2\/comments?post=8426"}],"version-history":[{"count":120,"href":"https:\/\/onixliving.mx\/index.php\/wp-json\/wp\/v2\/pages\/8426\/revisions"}],"predecessor-version":[{"id":48972,"href":"https:\/\/onixliving.mx\/index.php\/wp-json\/wp\/v2\/pages\/8426\/revisions\/48972"}],"wp:attachment":[{"href":"https:\/\/onixliving.mx\/index.php\/wp-json\/wp\/v2\/media?parent=8426"}],"curies":[{"name":"wp","href":"https:\/\/api.w.org\/{rel}","templated":true}]}}